{"id":2595,"date":"2023-11-15T10:48:02","date_gmt":"2023-11-15T10:48:02","guid":{"rendered":"https:\/\/grafiquescondal.cat\/?page_id=2595"},"modified":"2024-12-15T15:12:52","modified_gmt":"2024-12-15T15:12:52","slug":"about-us","status":"publish","type":"page","link":"https:\/\/www.graficascondal.com\/index.php\/en\/about-us\/","title":{"rendered":"About us"},"content":{"rendered":"\t\t<div data-elementor-type=\"wp-page\" data-elementor-id=\"2595\" class=\"elementor elementor-2595\">\n\t\t\t\t\t\t<section class=\"elementor-section elementor-top-section elementor-element elementor-element-29c0065c elementor-section-boxed elementor-section-height-default elementor-section-height-default\" data-id=\"29c0065c\" data-element_type=\"section\" data-settings=\"{&quot;background_background&quot;:&quot;classic&quot;}\">\n\t\t\t\t\t\t<div class=\"elementor-container elementor-column-gap-no\">\n\t\t\t\t\t<div class=\"elementor-column elementor-col-100 elementor-top-column elementor-element elementor-element-5be4d3da\" data-id=\"5be4d3da\" data-element_type=\"column\">\n\t\t\t<div class=\"elementor-widget-wrap elementor-element-populated\">\n\t\t\t\t\t\t<section class=\"elementor-section elementor-inner-section elementor-element elementor-element-4b150f03 elementor-section-boxed elementor-section-height-default elementor-section-height-default\" data-id=\"4b150f03\" data-element_type=\"section\">\n\t\t\t\t\t\t<div class=\"elementor-container elementor-column-gap-no\">\n\t\t\t\t\t<div class=\"elementor-column elementor-col-100 elementor-inner-column elementor-element elementor-element-7a001fb0\" data-id=\"7a001fb0\" data-element_type=\"column\">\n\t\t\t<div class=\"elementor-widget-wrap elementor-element-populated\">\n\t\t\t\t\t\t<div class=\"elementor-element elementor-element-51bcf3a8 elementor-widget elementor-widget-heading\" data-id=\"51bcf3a8\" data-element_type=\"widget\" data-widget_type=\"heading.default\">\n\t\t\t\t<div class=\"elementor-widget-container\">\n\t\t\t<h1 class=\"elementor-heading-title elementor-size-default\">Get to know us<\/h1>\t\t<\/div>\n\t\t\t\t<\/div>\n\t\t\t\t<div class=\"elementor-element elementor-element-354ada62 elementor-widget elementor-widget-text-editor\" data-id=\"354ada62\" data-element_type=\"widget\" data-widget_type=\"text-editor.default\">\n\t\t\t\t<div class=\"elementor-widget-container\">\n\t\t\t\t\t\t\t<p>Graficas Condal is a company founded in 1968 in Terrassa. We constantly invest in human capital and the latest technologies to ensure that we offer the best service and quality to our customers. We are committed to your needs and work to become your trusted partner. We provide our clients with comprehensive solutions tailored to their needs, thanks to a personalized service from the beginning to the end of their graphic project.<\/p>\t\t\t\t\t\t<\/div>\n\t\t\t\t<\/div>\n\t\t\t\t\t<\/div>\n\t\t<\/div>\n\t\t\t\t\t<\/div>\n\t\t<\/section>\n\t\t\t\t\t<\/div>\n\t\t<\/div>\n\t\t\t\t\t<\/div>\n\t\t<\/section>\n\t\t<div class=\"elementor-element elementor-element-244cc8aa e-flex e-con-boxed elementor-invisible e-con e-parent\" data-id=\"244cc8aa\" data-element_type=\"container\" data-settings=\"{&quot;background_background&quot;:&quot;classic&quot;,&quot;animation&quot;:&quot;fadeInUp&quot;}\">\n\t\t\t\t\t<div class=\"e-con-inner\">\n\t\t<div class=\"elementor-element elementor-element-3c63dee5 e-con-full e-flex e-con e-child\" data-id=\"3c63dee5\" data-element_type=\"container\">\n\t\t\t\t<div class=\"elementor-element elementor-element-1e5ffe6c elementor-hidden-mobile elementor-widget elementor-widget-image\" data-id=\"1e5ffe6c\" data-element_type=\"widget\" data-widget_type=\"image.default\">\n\t\t\t\t<div class=\"elementor-widget-container\">\n\t\t\t\t\t\t\t\t\t\t\t\t\t<img fetchpriority=\"high\" decoding=\"async\" width=\"512\" height=\"512\" src=\"https:\/\/www.graficascondal.com\/wp-content\/uploads\/2023\/10\/edificio.png\" class=\"attachment-full size-full wp-image-1493\" alt=\"\" \/>\t\t\t\t\t\t\t\t\t\t\t\t\t<\/div>\n\t\t\t\t<\/div>\n\t\t\t\t<\/div>\n\t\t<div class=\"elementor-element elementor-element-2a67919c e-con-full e-flex e-con e-child\" data-id=\"2a67919c\" data-element_type=\"container\">\n\t\t\t\t<div class=\"elementor-element elementor-element-23300ad4 elementor-widget elementor-widget-text-editor\" data-id=\"23300ad4\" data-element_type=\"widget\" data-widget_type=\"text-editor.default\">\n\t\t\t\t<div class=\"elementor-widget-container\">\n\t\t\t\t\t\t\t<h2>WHY COLLABORATE TOGETHER?<\/h2><h3><strong>Experience<\/strong><\/h3><p>We have more than 60 years of experience in the sector, combining tradition and the latest technologies.<\/p><h3><strong>Innovation and the environment<\/strong><\/h3><p>We always make sure we have the best technology at the service of our customers, and we are always on the lookout for the latest solutions in materials and production processes.<\/p><h3><strong>Commitment to service<\/strong><\/h3><p>We are defined by the search for excellence in service and attention to our customers as well as in the quality of our products, and the fulfilment of the acquired delivery times.<\/p><h3><strong>Proactive advice<\/strong><\/h3><p>We are always aware of the needs of our customers and always provide solutions to optimize costs, improve quality and sustainability.<\/p><h3><strong>Problem Solving and Reactivity<\/strong><\/h3><p>Our quality system is focused on control, as well as efficiency in the resolution of incidents and minimization of failures throughout the production and supply chain.<\/p>\t\t\t\t\t\t<\/div>\n\t\t\t\t<\/div>\n\t\t\t\t<\/div>\n\t\t\t\t\t<\/div>\n\t\t\t\t<\/div>\n\t\t<div class=\"elementor-element elementor-element-31b01ceb e-flex e-con-boxed e-con e-parent\" data-id=\"31b01ceb\" data-element_type=\"container\">\n\t\t\t\t\t<div class=\"e-con-inner\">\n\t\t<div class=\"elementor-element elementor-element-5dc2f824 e-con-full e-flex elementor-invisible e-con e-child\" data-id=\"5dc2f824\" data-element_type=\"container\" data-settings=\"{&quot;background_background&quot;:&quot;classic&quot;,&quot;animation&quot;:&quot;fadeInLeft&quot;}\">\n\t\t\t\t<div class=\"elementor-element elementor-element-26285bf8 e-transform elementor-widget elementor-widget-heading\" data-id=\"26285bf8\" data-element_type=\"widget\" data-settings=\"{&quot;_transform_scale_effect_hover&quot;:{&quot;unit&quot;:&quot;px&quot;,&quot;size&quot;:1.3,&quot;sizes&quot;:[]},&quot;_transform_scale_effect_hover_tablet&quot;:{&quot;unit&quot;:&quot;px&quot;,&quot;size&quot;:&quot;&quot;,&quot;sizes&quot;:[]},&quot;_transform_scale_effect_hover_mobile&quot;:{&quot;unit&quot;:&quot;px&quot;,&quot;size&quot;:&quot;&quot;,&quot;sizes&quot;:[]}}\" data-widget_type=\"heading.default\">\n\t\t\t\t<div class=\"elementor-widget-container\">\n\t\t\t<h2 class=\"elementor-heading-title elementor-size-default\">YESTERDAY<\/h2>\t\t<\/div>\n\t\t\t\t<\/div>\n\t\t\t\t<\/div>\n\t\t<div class=\"elementor-element elementor-element-2d637cf1 e-con-full e-flex elementor-invisible e-con e-child\" data-id=\"2d637cf1\" data-element_type=\"container\" data-settings=\"{&quot;background_background&quot;:&quot;classic&quot;,&quot;animation&quot;:&quot;fadeInRight&quot;}\">\n\t\t\t\t<div class=\"elementor-element elementor-element-4d2b9de3 e-transform elementor-widget elementor-widget-heading\" data-id=\"4d2b9de3\" data-element_type=\"widget\" data-settings=\"{&quot;_transform_scale_effect_hover&quot;:{&quot;unit&quot;:&quot;px&quot;,&quot;size&quot;:1.3,&quot;sizes&quot;:[]},&quot;_transform_scale_effect_hover_tablet&quot;:{&quot;unit&quot;:&quot;px&quot;,&quot;size&quot;:&quot;&quot;,&quot;sizes&quot;:[]},&quot;_transform_scale_effect_hover_mobile&quot;:{&quot;unit&quot;:&quot;px&quot;,&quot;size&quot;:&quot;&quot;,&quot;sizes&quot;:[]}}\" data-widget_type=\"heading.default\">\n\t\t\t\t<div class=\"elementor-widget-container\">\n\t\t\t<h2 class=\"elementor-heading-title elementor-size-default\">TODAY<\/h2>\t\t<\/div>\n\t\t\t\t<\/div>\n\t\t\t\t<\/div>\n\t\t\t\t\t<\/div>\n\t\t\t\t<\/div>\n\t\t\t\t<section class=\"elementor-section elementor-top-section elementor-element elementor-element-a24ba86 elementor-section-boxed elementor-section-height-default elementor-section-height-default elementor-invisible\" data-id=\"a24ba86\" data-element_type=\"section\" data-settings=\"{&quot;background_background&quot;:&quot;classic&quot;,&quot;animation&quot;:&quot;slideInUp&quot;}\">\n\t\t\t\t\t\t\t<div class=\"elementor-background-overlay\"><\/div>\n\t\t\t\t\t\t\t<div class=\"elementor-container elementor-column-gap-no\">\n\t\t\t\t\t<div class=\"elementor-column elementor-col-100 elementor-top-column elementor-element elementor-element-3da3cdd1\" data-id=\"3da3cdd1\" data-element_type=\"column\">\n\t\t\t<div class=\"elementor-widget-wrap elementor-element-populated\">\n\t\t\t\t\t\t<div class=\"elementor-element elementor-element-55dfdf20 elementor-widget elementor-widget-heading\" data-id=\"55dfdf20\" data-element_type=\"widget\" data-widget_type=\"heading.default\">\n\t\t\t\t<div class=\"elementor-widget-container\">\n\t\t\t<h2 class=\"elementor-heading-title elementor-size-default\">Best practices for a better future<\/h2>\t\t<\/div>\n\t\t\t\t<\/div>\n\t\t\t\t<div class=\"elementor-element elementor-element-7a04c31 elementor-widget elementor-widget-heading\" data-id=\"7a04c31\" data-element_type=\"widget\" data-widget_type=\"heading.default\">\n\t\t\t\t<div class=\"elementor-widget-container\">\n\t\t\t<p class=\"elementor-heading-title elementor-size-default\">At Graficas Condal, we understand sustainability as a strategic commitment to the future and we link it to our business development. We incorporate best practices, methodologies, processes and technologies into our daily management, reusing materials and resources. We monitor the impact of our activity.<\/p>\t\t<\/div>\n\t\t\t\t<\/div>\n\t\t\t\t<div class=\"elementor-element elementor-element-611fe886 elementor-widget elementor-widget-image\" data-id=\"611fe886\" data-element_type=\"widget\" data-widget_type=\"image.default\">\n\t\t\t\t<div class=\"elementor-widget-container\">\n\t\t\t\t\t\t\t\t\t\t\t\t\t<img decoding=\"async\" width=\"512\" height=\"512\" src=\"https:\/\/www.graficascondal.com\/wp-content\/uploads\/2023\/10\/sostenibilidad.png\" class=\"attachment-large size-large wp-image-1912\" alt=\"Sostenibilidad\" \/>\t\t\t\t\t\t\t\t\t\t\t\t\t<\/div>\n\t\t\t\t<\/div>\n\t\t\t\t\t<\/div>\n\t\t<\/div>\n\t\t\t\t\t<\/div>\n\t\t<\/section>\n\t\t\t\t<\/div>\n\t\t","protected":false},"excerpt":{"rendered":"<p>Get to know us Graficas Condal is a company founded in 1968 in Terrassa. We constantly invest in human capital and the latest technologies to ensure that we offer the best service and quality to our customers. We are committed to your needs and work to become your trusted partner. We provide our clients with &hellip;<\/p>\n<p class=\"read-more\"> <a class=\"\" href=\"https:\/\/www.graficascondal.com\/index.php\/en\/about-us\/\"> <span class=\"screen-reader-text\">About us<\/span> Leer m\u00e1s &raquo;<\/a><\/p>\n","protected":false},"author":1,"featured_media":0,"parent":0,"menu_order":10,"comment_status":"closed","ping_status":"closed","template":"","meta":{"_uag_custom_page_level_css":"","site-sidebar-layout":"no-sidebar","site-content-layout":"page-builder","ast-site-content-layout":"full-width-container","site-content-style":"unboxed","site-sidebar-style":"unboxed","ast-global-header-display":"","ast-banner-title-visibility":"","ast-main-header-display":"","ast-hfb-above-header-display":"","ast-hfb-below-header-display":"","ast-hfb-mobile-header-display":"","site-post-title":"disabled","ast-breadcrumbs-content":"","ast-featured-img":"disabled","footer-sml-layout":"","theme-transparent-header-meta":"enabled","adv-header-id-meta":"","stick-header-meta":"","header-above-stick-meta":"","header-main-stick-meta":"","header-below-stick-meta":"","astra-migrate-meta-layouts":"set","ast-page-background-enabled":"default","ast-page-background-meta":{"desktop":{"background-color":"var(--ast-global-color-4)","background-image":"","background-repeat":"repeat","background-position":"center center","background-size":"auto","background-attachment":"scroll","background-type":"","background-media":"","overlay-type":"","overlay-color":"","overlay-gradient":""},"tablet":{"background-color":"","background-image":"","background-repeat":"repeat","background-position":"center center","background-size":"auto","background-attachment":"scroll","background-type":"","background-media":"","overlay-type":"","overlay-color":"","overlay-gradient":""},"mobile":{"background-color":"","background-image":"","background-repeat":"repeat","background-position":"center center","background-size":"auto","background-attachment":"scroll","background-type":"","background-media":"","overlay-type":"","overlay-color":"","overlay-gradient":""}},"ast-content-background-meta":{"desktop":{"background-color":"var(--ast-global-color-5)","background-image":"","background-repeat":"repeat","background-position":"center center","background-size":"auto","background-attachment":"scroll","background-type":"","background-media":"","overlay-type":"","overlay-color":"","overlay-gradient":""},"tablet":{"background-color":"var(--ast-global-color-5)","background-image":"","background-repeat":"repeat","background-position":"center center","background-size":"auto","background-attachment":"scroll","background-type":"","background-media":"","overlay-type":"","overlay-color":"","overlay-gradient":""},"mobile":{"background-color":"var(--ast-global-color-5)","background-image":"","background-repeat":"repeat","background-position":"center center","background-size":"auto","background-attachment":"scroll","background-type":"","background-media":"","overlay-type":"","overlay-color":"","overlay-gradient":""}},"_themeisle_gutenberg_block_has_review":false,"footnotes":""},"class_list":["post-2595","page","type-page","status-publish","hentry"],"yoast_head":"<!-- This site is optimized with the Yoast SEO plugin v24.0 - https:\/\/yoast.com\/wordpress\/plugins\/seo\/ -->\n<title>About us - Gr\u00e1ficas Condal SA - Experience and innovation<\/title>\n<meta name=\"description\" content=\"Over 50 years of experience in graphic arts, providing personalized and sustainable solutions for our clients.\" \/>\n<meta name=\"robots\" content=\"index, follow, max-snippet:-1, max-image-preview:large, max-video-preview:-1\" \/>\n<link rel=\"canonical\" href=\"https:\/\/www.graficascondal.com\/index.php\/en\/about-us\/\" \/>\n<meta property=\"og:locale\" content=\"es_ES\" \/>\n<meta property=\"og:type\" content=\"article\" \/>\n<meta property=\"og:title\" content=\"About us - Gr\u00e1ficas Condal SA - Experience and innovation\" \/>\n<meta property=\"og:description\" content=\"Over 50 years of experience in graphic arts, providing personalized and sustainable solutions for our clients.\" \/>\n<meta property=\"og:url\" content=\"https:\/\/www.graficascondal.com\/index.php\/en\/about-us\/\" \/>\n<meta property=\"og:site_name\" content=\"Gr\u00e1ficas Condal SA - Soluciones de packaging personalizadas\" \/>\n<meta property=\"article:modified_time\" content=\"2024-12-15T15:12:52+00:00\" \/>\n<meta property=\"og:image\" content=\"http:\/\/graficascondal.com\/wp-content\/uploads\/2023\/10\/edificio.png\" \/>\n<meta name=\"twitter:card\" content=\"summary_large_image\" \/>\n<meta name=\"twitter:label1\" content=\"Tiempo de lectura\" \/>\n\t<meta name=\"twitter:data1\" content=\"2 minutos\" \/>\n<script type=\"application\/ld+json\" class=\"yoast-schema-graph\">{\"@context\":\"https:\/\/schema.org\",\"@graph\":[{\"@type\":\"WebPage\",\"@id\":\"https:\/\/www.graficascondal.com\/index.php\/en\/about-us\/\",\"url\":\"https:\/\/www.graficascondal.com\/index.php\/en\/about-us\/\",\"name\":\"About us - Gr\u00e1ficas Condal SA - Experience and innovation\",\"isPartOf\":{\"@id\":\"https:\/\/www.graficascondal.com\/#website\"},\"primaryImageOfPage\":{\"@id\":\"https:\/\/www.graficascondal.com\/index.php\/en\/about-us\/#primaryimage\"},\"image\":{\"@id\":\"https:\/\/www.graficascondal.com\/index.php\/en\/about-us\/#primaryimage\"},\"thumbnailUrl\":\"http:\/\/graficascondal.com\/wp-content\/uploads\/2023\/10\/edificio.png\",\"datePublished\":\"2023-11-15T10:48:02+00:00\",\"dateModified\":\"2024-12-15T15:12:52+00:00\",\"description\":\"Over 50 years of experience in graphic arts, providing personalized and sustainable solutions for our clients.\",\"breadcrumb\":{\"@id\":\"https:\/\/www.graficascondal.com\/index.php\/en\/about-us\/#breadcrumb\"},\"inLanguage\":\"es\",\"potentialAction\":[{\"@type\":\"ReadAction\",\"target\":[\"https:\/\/www.graficascondal.com\/index.php\/en\/about-us\/\"]}]},{\"@type\":\"ImageObject\",\"inLanguage\":\"es\",\"@id\":\"https:\/\/www.graficascondal.com\/index.php\/en\/about-us\/#primaryimage\",\"url\":\"http:\/\/graficascondal.com\/wp-content\/uploads\/2023\/10\/edificio.png\",\"contentUrl\":\"http:\/\/graficascondal.com\/wp-content\/uploads\/2023\/10\/edificio.png\"},{\"@type\":\"BreadcrumbList\",\"@id\":\"https:\/\/www.graficascondal.com\/index.php\/en\/about-us\/#breadcrumb\",\"itemListElement\":[{\"@type\":\"ListItem\",\"position\":1,\"name\":\"Portada\",\"item\":\"https:\/\/www.graficascondal.com\/\"},{\"@type\":\"ListItem\",\"position\":2,\"name\":\"About us\"}]},{\"@type\":\"WebSite\",\"@id\":\"https:\/\/www.graficascondal.com\/#website\",\"url\":\"https:\/\/www.graficascondal.com\/\",\"name\":\"Gr\u00e1ficas Condal SA - Soluciones de packaging personalizadas\",\"description\":\"Desde hace m\u00e1s de 60 a\u00f1os, producimos soluciones de packaging personalizadas con la m\u00e1xima calidad\",\"publisher\":{\"@id\":\"https:\/\/www.graficascondal.com\/#organization\"},\"alternateName\":\"Gr\u00e1ficas Condal\",\"potentialAction\":[{\"@type\":\"SearchAction\",\"target\":{\"@type\":\"EntryPoint\",\"urlTemplate\":\"https:\/\/www.graficascondal.com\/?s={search_term_string}\"},\"query-input\":{\"@type\":\"PropertyValueSpecification\",\"valueRequired\":true,\"valueName\":\"search_term_string\"}}],\"inLanguage\":\"es\"},{\"@type\":\"Organization\",\"@id\":\"https:\/\/www.graficascondal.com\/#organization\",\"name\":\"Gr\u00e1ficas Condal SA\",\"alternateName\":\"Gr\u00e1ficas Condal\",\"url\":\"https:\/\/www.graficascondal.com\/\",\"logo\":{\"@type\":\"ImageObject\",\"inLanguage\":\"es\",\"@id\":\"https:\/\/www.graficascondal.com\/#\/schema\/logo\/image\/\",\"url\":\"https:\/\/www.graficascondal.com\/wp-content\/uploads\/2023\/10\/logoGC-1.png\",\"contentUrl\":\"https:\/\/www.graficascondal.com\/wp-content\/uploads\/2023\/10\/logoGC-1.png\",\"width\":2048,\"height\":2183,\"caption\":\"Gr\u00e1ficas Condal SA\"},\"image\":{\"@id\":\"https:\/\/www.graficascondal.com\/#\/schema\/logo\/image\/\"},\"sameAs\":[\"https:\/\/www.linkedin.com\/company\/graficas-condal-s-a-\/\"]}]}<\/script>\n<!-- \/ Yoast SEO plugin. -->","yoast_head_json":{"title":"About us - Gr\u00e1ficas Condal SA - Experience and innovation","description":"Over 50 years of experience in graphic arts, providing personalized and sustainable solutions for our clients.","robots":{"index":"index","follow":"follow","max-snippet":"max-snippet:-1","max-image-preview":"max-image-preview:large","max-video-preview":"max-video-preview:-1"},"canonical":"https:\/\/www.graficascondal.com\/index.php\/en\/about-us\/","og_locale":"es_ES","og_type":"article","og_title":"About us - Gr\u00e1ficas Condal SA - Experience and innovation","og_description":"Over 50 years of experience in graphic arts, providing personalized and sustainable solutions for our clients.","og_url":"https:\/\/www.graficascondal.com\/index.php\/en\/about-us\/","og_site_name":"Gr\u00e1ficas Condal SA - Soluciones de packaging personalizadas","article_modified_time":"2024-12-15T15:12:52+00:00","og_image":[{"url":"http:\/\/graficascondal.com\/wp-content\/uploads\/2023\/10\/edificio.png","type":"","width":"","height":""}],"twitter_card":"summary_large_image","twitter_misc":{"Tiempo de lectura":"2 minutos"},"schema":{"@context":"https:\/\/schema.org","@graph":[{"@type":"WebPage","@id":"https:\/\/www.graficascondal.com\/index.php\/en\/about-us\/","url":"https:\/\/www.graficascondal.com\/index.php\/en\/about-us\/","name":"About us - Gr\u00e1ficas Condal SA - Experience and innovation","isPartOf":{"@id":"https:\/\/www.graficascondal.com\/#website"},"primaryImageOfPage":{"@id":"https:\/\/www.graficascondal.com\/index.php\/en\/about-us\/#primaryimage"},"image":{"@id":"https:\/\/www.graficascondal.com\/index.php\/en\/about-us\/#primaryimage"},"thumbnailUrl":"http:\/\/graficascondal.com\/wp-content\/uploads\/2023\/10\/edificio.png","datePublished":"2023-11-15T10:48:02+00:00","dateModified":"2024-12-15T15:12:52+00:00","description":"Over 50 years of experience in graphic arts, providing personalized and sustainable solutions for our clients.","breadcrumb":{"@id":"https:\/\/www.graficascondal.com\/index.php\/en\/about-us\/#breadcrumb"},"inLanguage":"es","potentialAction":[{"@type":"ReadAction","target":["https:\/\/www.graficascondal.com\/index.php\/en\/about-us\/"]}]},{"@type":"ImageObject","inLanguage":"es","@id":"https:\/\/www.graficascondal.com\/index.php\/en\/about-us\/#primaryimage","url":"http:\/\/graficascondal.com\/wp-content\/uploads\/2023\/10\/edificio.png","contentUrl":"http:\/\/graficascondal.com\/wp-content\/uploads\/2023\/10\/edificio.png"},{"@type":"BreadcrumbList","@id":"https:\/\/www.graficascondal.com\/index.php\/en\/about-us\/#breadcrumb","itemListElement":[{"@type":"ListItem","position":1,"name":"Portada","item":"https:\/\/www.graficascondal.com\/"},{"@type":"ListItem","position":2,"name":"About us"}]},{"@type":"WebSite","@id":"https:\/\/www.graficascondal.com\/#website","url":"https:\/\/www.graficascondal.com\/","name":"Gr\u00e1ficas Condal SA - Soluciones de packaging personalizadas","description":"Desde hace m\u00e1s de 60 a\u00f1os, producimos soluciones de packaging personalizadas con la m\u00e1xima calidad","publisher":{"@id":"https:\/\/www.graficascondal.com\/#organization"},"alternateName":"Gr\u00e1ficas Condal","potentialAction":[{"@type":"SearchAction","target":{"@type":"EntryPoint","urlTemplate":"https:\/\/www.graficascondal.com\/?s={search_term_string}"},"query-input":{"@type":"PropertyValueSpecification","valueRequired":true,"valueName":"search_term_string"}}],"inLanguage":"es"},{"@type":"Organization","@id":"https:\/\/www.graficascondal.com\/#organization","name":"Gr\u00e1ficas Condal SA","alternateName":"Gr\u00e1ficas Condal","url":"https:\/\/www.graficascondal.com\/","logo":{"@type":"ImageObject","inLanguage":"es","@id":"https:\/\/www.graficascondal.com\/#\/schema\/logo\/image\/","url":"https:\/\/www.graficascondal.com\/wp-content\/uploads\/2023\/10\/logoGC-1.png","contentUrl":"https:\/\/www.graficascondal.com\/wp-content\/uploads\/2023\/10\/logoGC-1.png","width":2048,"height":2183,"caption":"Gr\u00e1ficas Condal SA"},"image":{"@id":"https:\/\/www.graficascondal.com\/#\/schema\/logo\/image\/"},"sameAs":["https:\/\/www.linkedin.com\/company\/graficas-condal-s-a-\/"]}]}},"uagb_featured_image_src":{"full":false,"thumbnail":false,"medium":false,"medium_large":false,"large":false,"1536x1536":false,"2048x2048":false},"uagb_author_info":{"display_name":"admin8644","author_link":"https:\/\/www.graficascondal.com\/index.php\/author\/admin8644\/"},"uagb_comment_info":0,"uagb_excerpt":"Get to know us Graficas Condal is a company founded in 1968 in Terrassa. We constantly invest in human capital and the latest technologies to ensure that we offer the best service and quality to our customers. We are committed to your needs and work to become your trusted partner. We provide our clients with&hellip;","rttpg_featured_image_url":null,"rttpg_author":{"display_name":"admin8644","author_link":"https:\/\/www.graficascondal.com\/index.php\/author\/admin8644\/"},"rttpg_comment":0,"rttpg_category":" <a href=\"https:\/\/www.graficascondal.com\/index.php\/en\/\" rel=\"tag\">English<\/a>","rttpg_excerpt":"Get to know us Graficas Condal is a company founded in 1968 in Terrassa. We constantly invest in human capital and the latest technologies to ensure that we offer the best service and quality to our customers. We are committed to your needs and work to become your trusted partner. We provide our clients with&hellip;","_links":{"self":[{"href":"https:\/\/www.graficascondal.com\/index.php\/wp-json\/wp\/v2\/pages\/2595","targetHints":{"allow":["GET"]}}],"collection":[{"href":"https:\/\/www.graficascondal.com\/index.php\/wp-json\/wp\/v2\/pages"}],"about":[{"href":"https:\/\/www.graficascondal.com\/index.php\/wp-json\/wp\/v2\/types\/page"}],"author":[{"embeddable":true,"href":"https:\/\/www.graficascondal.com\/index.php\/wp-json\/wp\/v2\/users\/1"}],"replies":[{"embeddable":true,"href":"https:\/\/www.graficascondal.com\/index.php\/wp-json\/wp\/v2\/comments?post=2595"}],"version-history":[{"count":11,"href":"https:\/\/www.graficascondal.com\/index.php\/wp-json\/wp\/v2\/pages\/2595\/revisions"}],"predecessor-version":[{"id":2934,"href":"https:\/\/www.graficascondal.com\/index.php\/wp-json\/wp\/v2\/pages\/2595\/revisions\/2934"}],"wp:attachment":[{"href":"https:\/\/www.graficascondal.com\/index.php\/wp-json\/wp\/v2\/media?parent=2595"}],"curies":[{"name":"wp","href":"https:\/\/api.w.org\/{rel}","templated":true}]}}